{"id":3038,"date":"2019-03-07T09:56:50","date_gmt":"2019-03-07T09:56:50","guid":{"rendered":"http:\/\/urretxu.desarrolloscode.com\/noticias-caldereria\/"},"modified":"2019-04-04T14:58:44","modified_gmt":"2019-04-04T14:58:44","slug":"noticias-caldereria","status":"publish","type":"page","link":"https:\/\/www.caldereriaurretxu.com\/en\/noticias-caldereria\/","title":{"rendered":"News"},"content":{"rendered":"<p>[et_pb_section bb_built=&#8221;1&#8243; specialty=&#8221;off&#8221; next_background_color=&#8221;#000000&#8243; _builder_version=&#8221;3.19.18&#8243; animation_style=&#8221;slide&#8221;][et_pb_row][et_pb_column type=&#8221;4_4&#8243;][et_pb_blog _builder_version=&#8221;3.19.18&#8243; fullwidth=&#8221;off&#8221; use_overlay=&#8221;on&#8221; overlay_icon_color=&#8221;#ffffff&#8221; hover_overlay_color=&#8221;rgba(0,0,0,0.51)&#8221; show_more=&#8221;on&#8221; show_author=&#8221;off&#8221; show_categories=&#8221;off&#8221; show_pagination=&#8221;off&#8221; header_font=&#8221;|||on|||||&#8221; header_line_height=&#8221;1.5em&#8221; \/][\/et_pb_column][\/et_pb_row][\/et_pb_section][et_pb_section bb_built=&#8221;1&#8243; admin_label=&#8221;Footer Section&#8221; _builder_version=&#8221;3.19.18&#8243; use_background_color_gradient=&#8221;on&#8221; background_color_gradient_start=&#8221;rgba(20,61,88,0.65)&#8221; background_color_gradient_end=&#8221;#0d0e84&#8243; background_color_gradient_overlays_image=&#8221;on&#8221; background_image=&#8221;https:\/\/www.caldereriaurretxu.com\/\/wp-content\/uploads\/2019\/03\/bg-footer.jpg&#8221; custom_margin=&#8221;|||&#8221; custom_padding=&#8221;8vw|0px|8vw|0px&#8221; bottom_divider_style=&#8221;mountains2&#8243; bottom_divider_color=&#8221;rgba(5,41,66,0.3)&#8221; bottom_divider_height=&#8221;50%&#8221; animation_style=&#8221;slide&#8221; animation_direction=&#8221;bottom&#8221; animation_intensity_slide=&#8221;6%&#8221; animation_starting_opacity=&#8221;100%&#8221; saved_tabs=&#8221;all&#8221; global_module=&#8221;2757&#8243; prev_background_color=&#8221;#ffffff&#8221;][et_pb_row admin_label=&#8221;Footer Row&#8221; global_parent=&#8221;2757&#8243; custom_padding=&#8221;|||&#8221; _builder_version=&#8221;3.0.106&#8243;][et_pb_column type=&#8221;4_4&#8243;][et_pb_text admin_label=&#8221;Industrial boilermaking&#8221; global_parent=&#8221;2757&#8243; background_layout=&#8221;dark&#8221; _builder_version=&#8221;3.19.18&#8243; text_font_size=&#8221;20px&#8221; text_text_color=&#8221;#a4bccb&#8221; text_line_height=&#8221;1.5em&#8221; header_2_text_align=&#8221;center&#8221; header_2_line_height=&#8221;1.5em&#8221; header_3_font=&#8221;|||on|||||&#8221; header_3_text_align=&#8221;center&#8221; header_3_font_size=&#8221;40px&#8221; header_3_font_size_phone=&#8221;30px&#8221; header_3_font_size_last_edited=&#8221;on|phone&#8221; header_3_line_height=&#8221;1.5em&#8221; text_orientation=&#8221;center&#8221; max_width=&#8221;700px&#8221; module_alignment=&#8221;center&#8221; custom_margin=&#8221;||0px|&#8221; header_2_font=&#8221;|||on|||||&#8221;]<\/p>\n<h2>Industrial boilermaking<\/h2>\n<h3>Engineering, mechanical development and elaboration of custom projects<\/h3>\n<p>[\/et_pb_text][\/et_pb_column][\/et_pb_row][et_pb_row admin_label=&#8221;CTA Row&#8221; global_parent=&#8221;2757&#8243; custom_padding=&#8221;|||&#8221; _builder_version=&#8221;3.0.106&#8243;][et_pb_column type=&#8221;4_4&#8243;][et_pb_blurb admin_label=&#8221;CTA&#8221; global_parent=&#8221;2757&#8243; title=&#8221;Get in touch&#8221; image=&#8221;https:\/\/www.caldereriaurretxu.com\/\/wp-content\/uploads\/2019\/02\/Call_icon.png&#8221; background_layout=&#8221;dark&#8221; _builder_version=&#8221;3.19.18&#8243; header_font_size=&#8221;20px&#8221; header_text_color=&#8221;#a4bccb&#8221; header_line_height=&#8221;1.5em&#8221; body_font=&#8221;Montserrat|500|||||||&#8221; body_text_align=&#8221;center&#8221; body_font_size=&#8221;30px&#8221; text_orientation=&#8221;center&#8221; animation=&#8221;off&#8221;]<\/p>\n<p><a href=\"callto:943731615\">943 73 16 15<\/a><\/p>\n<p>or<\/p>\n<p>[\/et_pb_blurb][et_pb_button admin_label=&#8221;Ask for more information&#8221; global_parent=&#8221;2757&#8243; button_text=&#8221;Ask for more information&#8221; button_alignment=&#8221;center&#8221; _builder_version=&#8221;3.19.18&#8243; custom_margin=&#8221;30px|||&#8221; custom_padding=&#8221;|||&#8221; custom_button=&#8221;on&#8221; button_text_size=&#8221;14px&#8221; button_text_color=&#8221;#ffffff&#8221; button_bg_color=&#8221;#f6961b&#8221; button_border_width=&#8221;12px&#8221; button_border_color=&#8221;#f6961b&#8221; button_border_radius=&#8221;2px&#8221; button_font=&#8221;|700||on|||||&#8221; locked=&#8221;off&#8221; button_text_size__hover_enabled=&#8221;off&#8221; button_text_size__hover=&#8221;null&#8221; button_one_text_size__hover_enabled=&#8221;off&#8221; button_one_text_size__hover=&#8221;null&#8221; button_two_text_size__hover_enabled=&#8221;off&#8221; button_two_text_size__hover=&#8221;null&#8221; button_text_color__hover_enabled=&#8221;off&#8221; button_text_color__hover=&#8221;null&#8221; button_one_text_color__hover_enabled=&#8221;off&#8221; button_one_text_color__hover=&#8221;null&#8221; button_two_text_color__hover_enabled=&#8221;off&#8221; button_two_text_color__hover=&#8221;null&#8221; button_border_width__hover_enabled=&#8221;off&#8221; button_border_width__hover=&#8221;null&#8221; button_one_border_width__hover_enabled=&#8221;off&#8221; button_one_border_width__hover=&#8221;null&#8221; button_two_border_width__hover_enabled=&#8221;off&#8221; button_two_border_width__hover=&#8221;null&#8221; button_border_color__hover_enabled=&#8221;off&#8221; button_border_color__hover=&#8221;null&#8221; button_one_border_color__hover_enabled=&#8221;off&#8221; button_one_border_color__hover=&#8221;null&#8221; button_two_border_color__hover_enabled=&#8221;off&#8221; button_two_border_color__hover=&#8221;null&#8221; button_border_radius__hover_enabled=&#8221;on&#8221; button_border_radius__hover=&#8221;4px&#8221; button_one_border_radius__hover_enabled=&#8221;off&#8221; button_one_border_radius__hover=&#8221;null&#8221; button_two_border_radius__hover_enabled=&#8221;off&#8221; button_two_border_radius__hover=&#8221;null&#8221; button_letter_spacing__hover_enabled=&#8221;off&#8221; button_letter_spacing__hover=&#8221;null&#8221; button_one_letter_spacing__hover_enabled=&#8221;off&#8221; button_one_letter_spacing__hover=&#8221;null&#8221; button_two_letter_spacing__hover_enabled=&#8221;off&#8221; button_two_letter_spacing__hover=&#8221;null&#8221; button_bg_color__hover_enabled=&#8221;off&#8221; button_bg_color__hover=&#8221;null&#8221; button_one_bg_color__hover_enabled=&#8221;off&#8221; button_one_bg_color__hover=&#8221;null&#8221; button_two_bg_color__hover_enabled=&#8221;off&#8221; button_two_bg_color__hover=&#8221;null&#8221; button_url=&#8221;\/contacta\/#contacto&#8221; \/][\/et_pb_column][\/et_pb_row][\/et_pb_section]<\/p>\n","protected":false},"excerpt":{"rendered":"<p>Protecciones de m\u00e1quinas en Calderer\u00eda Urretxu Mar 7, 2019 Las protecciones de m\u00e1quinas son muy frecuentes en cualquier tipo de entornos de fabricaci\u00f3n. Estas protecciones de m\u00e1quinas est\u00e1n dise\u00f1adas para proteger a sus operadores y dem\u00e1s empleados de los impactos potenciales del material expulsado o herramientas&#8230; leer m\u00e1s Corte por l\u00e1ser para calderer\u00eda de alta [&hellip;]<\/p>\n","protected":false},"author":1,"featured_media":0,"parent":0,"menu_order":0,"comment_status":"closed","ping_status":"closed","template":"","meta":{"_et_pb_use_builder":"on","_et_pb_old_content":"","_et_gb_content_width":"","_mi_skip_tracking":false},"yoast_head":"<!-- This site is optimized with the Yoast SEO plugin v17.1 - https:\/\/yoast.com\/wordpress\/plugins\/seo\/ -->\n<title>News about Calderer\u00eda Urretxu<\/title>\n<meta name=\"description\" content=\"Noticias - Calderer\u00eda Urretxu\" \/>\n<meta name=\"robots\" content=\"index, follow, max-snippet:-1, max-image-preview:large, max-video-preview:-1\" \/>\n<link rel=\"canonical\" href=\"https:\/\/www.caldereriaurretxu.com\/en\/noticias-caldereria\/\" \/>\n<meta property=\"og:locale\" content=\"en_US\" \/>\n<meta property=\"og:type\" content=\"article\" \/>\n<meta property=\"og:title\" content=\"News about Calderer\u00eda Urretxu\" \/>\n<meta property=\"og:description\" content=\"Noticias - Calderer\u00eda Urretxu\" \/>\n<meta property=\"og:url\" content=\"https:\/\/www.caldereriaurretxu.com\/en\/noticias-caldereria\/\" \/>\n<meta property=\"og:site_name\" content=\"Calderer\u00eda Urretxu\" \/>\n<meta property=\"article:modified_time\" content=\"2019-04-04T14:58:44+00:00\" \/>\n<meta name=\"twitter:card\" content=\"summary_large_image\" \/>\n<meta name=\"twitter:label1\" content=\"Est. reading time\" \/>\n\t<meta name=\"twitter:data1\" content=\"3 minutes\" \/>\n<script type=\"application\/ld+json\" class=\"yoast-schema-graph\">{\"@context\":\"https:\/\/schema.org\",\"@graph\":[{\"@type\":\"Organization\",\"@id\":\"https:\/\/www.caldereriaurretxu.com\/#organization\",\"name\":\"Calderer\\u00eda Urretxu S.L\",\"url\":\"https:\/\/www.caldereriaurretxu.com\/\",\"sameAs\":[],\"logo\":{\"@type\":\"ImageObject\",\"@id\":\"https:\/\/www.caldereriaurretxu.com\/#logo\",\"inLanguage\":\"en-US\",\"url\":\"https:\/\/www.caldereriaurretxu.com\/wp-content\/uploads\/2019\/02\/logourretxu.jpg\",\"contentUrl\":\"https:\/\/www.caldereriaurretxu.com\/wp-content\/uploads\/2019\/02\/logourretxu.jpg\",\"width\":379,\"height\":109,\"caption\":\"Calderer\\u00eda Urretxu S.L\"},\"image\":{\"@id\":\"https:\/\/www.caldereriaurretxu.com\/#logo\"}},{\"@type\":\"WebSite\",\"@id\":\"https:\/\/www.caldereriaurretxu.com\/#website\",\"url\":\"https:\/\/www.caldereriaurretxu.com\/\",\"name\":\"Calderer\\u00eda Urretxu\",\"description\":\"Producci\\u00f3n de estructuras met\\u00e1licas\",\"publisher\":{\"@id\":\"https:\/\/www.caldereriaurretxu.com\/#organization\"},\"potentialAction\":[{\"@type\":\"SearchAction\",\"target\":{\"@type\":\"EntryPoint\",\"urlTemplate\":\"https:\/\/www.caldereriaurretxu.com\/?s={search_term_string}\"},\"query-input\":\"required name=search_term_string\"}],\"inLanguage\":\"en-US\"},{\"@type\":\"WebPage\",\"@id\":\"https:\/\/www.caldereriaurretxu.com\/en\/noticias-caldereria\/#webpage\",\"url\":\"https:\/\/www.caldereriaurretxu.com\/en\/noticias-caldereria\/\",\"name\":\"News about Calderer\\u00eda Urretxu\",\"isPartOf\":{\"@id\":\"https:\/\/www.caldereriaurretxu.com\/#website\"},\"datePublished\":\"2019-03-07T09:56:50+00:00\",\"dateModified\":\"2019-04-04T14:58:44+00:00\",\"description\":\"Noticias - Calderer\\u00eda Urretxu\",\"breadcrumb\":{\"@id\":\"https:\/\/www.caldereriaurretxu.com\/en\/noticias-caldereria\/#breadcrumb\"},\"inLanguage\":\"en-US\",\"potentialAction\":[{\"@type\":\"ReadAction\",\"target\":[\"https:\/\/www.caldereriaurretxu.com\/en\/noticias-caldereria\/\"]}]},{\"@type\":\"BreadcrumbList\",\"@id\":\"https:\/\/www.caldereriaurretxu.com\/en\/noticias-caldereria\/#breadcrumb\",\"itemListElement\":[{\"@type\":\"ListItem\",\"position\":1,\"name\":\"Portada\",\"item\":\"https:\/\/www.caldereriaurretxu.com\/en\/\"},{\"@type\":\"ListItem\",\"position\":2,\"name\":\"News\"}]}]}<\/script>\n<!-- \/ Yoast SEO plugin. -->","yoast_head_json":{"title":"News about Calderer\u00eda Urretxu","description":"Noticias - Calderer\u00eda Urretxu","robots":{"index":"index","follow":"follow","max-snippet":"max-snippet:-1","max-image-preview":"max-image-preview:large","max-video-preview":"max-video-preview:-1"},"canonical":"https:\/\/www.caldereriaurretxu.com\/en\/noticias-caldereria\/","og_locale":"en_US","og_type":"article","og_title":"News about Calderer\u00eda Urretxu","og_description":"Noticias - Calderer\u00eda Urretxu","og_url":"https:\/\/www.caldereriaurretxu.com\/en\/noticias-caldereria\/","og_site_name":"Calderer\u00eda Urretxu","article_modified_time":"2019-04-04T14:58:44+00:00","twitter_card":"summary_large_image","twitter_misc":{"Est. reading time":"3 minutes"},"schema":{"@context":"https:\/\/schema.org","@graph":[{"@type":"Organization","@id":"https:\/\/www.caldereriaurretxu.com\/#organization","name":"Calderer\u00eda Urretxu S.L","url":"https:\/\/www.caldereriaurretxu.com\/","sameAs":[],"logo":{"@type":"ImageObject","@id":"https:\/\/www.caldereriaurretxu.com\/#logo","inLanguage":"en-US","url":"https:\/\/www.caldereriaurretxu.com\/wp-content\/uploads\/2019\/02\/logourretxu.jpg","contentUrl":"https:\/\/www.caldereriaurretxu.com\/wp-content\/uploads\/2019\/02\/logourretxu.jpg","width":379,"height":109,"caption":"Calderer\u00eda Urretxu S.L"},"image":{"@id":"https:\/\/www.caldereriaurretxu.com\/#logo"}},{"@type":"WebSite","@id":"https:\/\/www.caldereriaurretxu.com\/#website","url":"https:\/\/www.caldereriaurretxu.com\/","name":"Calderer\u00eda Urretxu","description":"Producci\u00f3n de estructuras met\u00e1licas","publisher":{"@id":"https:\/\/www.caldereriaurretxu.com\/#organization"},"potentialAction":[{"@type":"SearchAction","target":{"@type":"EntryPoint","urlTemplate":"https:\/\/www.caldereriaurretxu.com\/?s={search_term_string}"},"query-input":"required name=search_term_string"}],"inLanguage":"en-US"},{"@type":"WebPage","@id":"https:\/\/www.caldereriaurretxu.com\/en\/noticias-caldereria\/#webpage","url":"https:\/\/www.caldereriaurretxu.com\/en\/noticias-caldereria\/","name":"News about Calderer\u00eda Urretxu","isPartOf":{"@id":"https:\/\/www.caldereriaurretxu.com\/#website"},"datePublished":"2019-03-07T09:56:50+00:00","dateModified":"2019-04-04T14:58:44+00:00","description":"Noticias - Calderer\u00eda Urretxu","breadcrumb":{"@id":"https:\/\/www.caldereriaurretxu.com\/en\/noticias-caldereria\/#breadcrumb"},"inLanguage":"en-US","potentialAction":[{"@type":"ReadAction","target":["https:\/\/www.caldereriaurretxu.com\/en\/noticias-caldereria\/"]}]},{"@type":"BreadcrumbList","@id":"https:\/\/www.caldereriaurretxu.com\/en\/noticias-caldereria\/#breadcrumb","itemListElement":[{"@type":"ListItem","position":1,"name":"Portada","item":"https:\/\/www.caldereriaurretxu.com\/en\/"},{"@type":"ListItem","position":2,"name":"News"}]}]}},"_links":{"self":[{"href":"https:\/\/www.caldereriaurretxu.com\/en\/wp-json\/wp\/v2\/pages\/3038"}],"collection":[{"href":"https:\/\/www.caldereriaurretxu.com\/en\/wp-json\/wp\/v2\/pages"}],"about":[{"href":"https:\/\/www.caldereriaurretxu.com\/en\/wp-json\/wp\/v2\/types\/page"}],"author":[{"embeddable":true,"href":"https:\/\/www.caldereriaurretxu.com\/en\/wp-json\/wp\/v2\/users\/1"}],"replies":[{"embeddable":true,"href":"https:\/\/www.caldereriaurretxu.com\/en\/wp-json\/wp\/v2\/comments?post=3038"}],"version-history":[{"count":3,"href":"https:\/\/www.caldereriaurretxu.com\/en\/wp-json\/wp\/v2\/pages\/3038\/revisions"}],"predecessor-version":[{"id":3041,"href":"https:\/\/www.caldereriaurretxu.com\/en\/wp-json\/wp\/v2\/pages\/3038\/revisions\/3041"}],"wp:attachment":[{"href":"https:\/\/www.caldereriaurretxu.com\/en\/wp-json\/wp\/v2\/media?parent=3038"}],"curies":[{"name":"wp","href":"https:\/\/api.w.org\/{rel}","templated":true}]}}